{"id":14,"date":"2016-02-03T19:03:12","date_gmt":"2016-02-03T19:03:12","guid":{"rendered":"http:\/\/waldseebad-beerfelden.de\/?page_id=14"},"modified":"2016-02-03T19:03:37","modified_gmt":"2016-02-03T19:03:37","slug":"geschichte","status":"publish","type":"page","link":"https:\/\/waldseebad-beerfelden.de\/?page_id=14","title":{"rendered":"Geschichte"},"content":{"rendered":"<p align=\"CENTER\"><span class=\"Stil16\">Die Geschichte des Waldseebades :<\/span><\/p>\n<p class=\"Stil30\">An der Stelle, an dem wir heute das Waldseebad finden, war fr\u00fcher nur der \u201eG\u00e4nsebrunnen\u201c, wo noch um die Jahrhundertwende die G\u00e4nsehirtin des Morgens ihre schnatternden Sch\u00fctzlinge hintrieb. Um 1850 wurde die starke Quelle gefasst und in ein sandsteinummauertes rundes Becken geleitet. Von dort floss das Wasser durch zwei Sandsteintr\u00f6ge weiter durch ein morastiges Niederwaldst\u00fcck ins Gammelsbachtal. In der Zeit um 1925 wurde der Sumpf beseitigt und das Wasser durch einen Damm aus Ger\u00f6ll und Erde zu einem Badesee angestaut. 1935 wurde das Waldseebad, wie wir es auf dem Bild unten sehen, eingeweiht.<\/p>\n<p align=\"center\"><img loading=\"lazy\" decoding=\"async\" src=\"http:\/\/www.waldseebad-beerfelden.de\/Bilder\/sonstige\/altes_bad.jpg\" alt=\"\" width=\"450\" height=\"287\" \/><\/p>\n<p class=\"Stil30\">Die Aufnahme aus dem Jahre 1938 zeigt die idyllische Anlage des Waldseebades. Rechts im Bild befinden sich als Blockhaus erbaut die Umkleidekabinen und ein kleiner Aufenthaltsraum. Das Haus erstellten die Zimmerleute Weber und Veit. Den Bau hatte man der waldreichen Umgebung angepasst. Auf der gegen\u00fcberliegenden Seite wurde eine \u00fcberdachte Tanzfl\u00e4che im gleichen Still errichtet, auf der manches sch\u00f6ne Fest stattfand. \u2013 Im nahe gelegenen \u201eFeuerwehrw\u00e4ldchen\u201c hatten die st\u00e4dtischen Arbeiter bei der ehemaligen gro\u00dfen Holzbr\u00fccke einen Beh\u00e4lter eingebaut, der Quellwasser aus dem Felsboden aufnahm. Von hier aus f\u00fchrte eine Rohrleitung ins Schwimmbecken zu einem Springbrunnen mit drei Wasserfont\u00e4nen von etwa zwei Metern H\u00f6he. \u2013 In j\u00fcngerer Zeit wurden die Holzgeb\u00e4ude abgerissen und durch einen Steinbau ersetzt. Auch der Wasserzulauf des G\u00e4nsebrunnens wurde dabei umgestaltet.<\/p>\n","protected":false},"excerpt":{"rendered":"<p>Die Geschichte des Waldseebades : An der Stelle, an dem wir heute das Waldseebad finden, war fr\u00fcher nur der \u201eG\u00e4nsebrunnen\u201c, wo noch um die Jahrhundertwende die G\u00e4nsehirtin des Morgens ihre schnatternden Sch\u00fctzlinge hintrieb. Um 1850 wurde die starke Quelle gefasst und in ein sandsteinummauertes rundes Becken geleitet. Von dort floss das Wasser durch zwei Sandsteintr\u00f6ge [&hellip;]<\/p>\n","protected":false},"author":1,"featured_media":0,"parent":0,"menu_order":50,"comment_status":"closed","ping_status":"closed","template":"page-templates\/full-width.php","meta":{"footnotes":""},"class_list":["post-14","page","type-page","status-publish","hentry"],"_links":{"self":[{"href":"https:\/\/waldseebad-beerfelden.de\/index.php?rest_route=\/wp\/v2\/pages\/14","targetHints":{"allow":["GET"]}}],"collection":[{"href":"https:\/\/waldseebad-beerfelden.de\/index.php?rest_route=\/wp\/v2\/pages"}],"about":[{"href":"https:\/\/waldseebad-beerfelden.de\/index.php?rest_route=\/wp\/v2\/types\/page"}],"author":[{"embeddable":true,"href":"https:\/\/waldseebad-beerfelden.de\/index.php?rest_route=\/wp\/v2\/users\/1"}],"replies":[{"embeddable":true,"href":"https:\/\/waldseebad-beerfelden.de\/index.php?rest_route=%2Fwp%2Fv2%2Fcomments&post=14"}],"version-history":[{"count":1,"href":"https:\/\/waldseebad-beerfelden.de\/index.php?rest_route=\/wp\/v2\/pages\/14\/revisions"}],"predecessor-version":[{"id":15,"href":"https:\/\/waldseebad-beerfelden.de\/index.php?rest_route=\/wp\/v2\/pages\/14\/revisions\/15"}],"wp:attachment":[{"href":"https:\/\/waldseebad-beerfelden.de\/index.php?rest_route=%2Fwp%2Fv2%2Fmedia&parent=14"}],"curies":[{"name":"wp","href":"https:\/\/api.w.org\/{rel}","templated":true}]}}